{"id":1287,"date":"2026-03-11T13:29:56","date_gmt":"2026-03-11T12:29:56","guid":{"rendered":"https:\/\/hlalasalud.com\/?page_id=1287"},"modified":"2026-03-11T13:29:56","modified_gmt":"2026-03-11T12:29:56","slug":"politica-de-cookies","status":"publish","type":"page","link":"https:\/\/hlalasalud.com\/en\/politica-de-cookies\/","title":{"rendered":"Cookie Policy"},"content":{"rendered":"<div class=\"cookies-title\">\r\n<h1 class=\"sc-dkPuFg hzhCVg\">Pol\u00edtica de cookies<\/h1>\r\n<\/div>\r\n<section>\r\n<div class=\"subtitle\">\r\n<h2 class=\"sc-eCImbG jNmcxY subtitle1\">1. \u00bfQu\u00e9 son las cookies?<\/h2>\r\n<\/div>\r\n<p class=\"sc-kDTjaY kWepwH text\">Las cookies son peque\u00f1os ficheros de datos que se generan en el ordenador del usuario y que nos permiten conocer su frecuencia de visitas, los contenidos m\u00e1s seleccionados y los elementos de seguridad que pueden intervenir en el control de acceso a \u00e1reas restringidas, as\u00ed como la visualizaci\u00f3n de publicidad en funci\u00f3n de criterios predefinidos por el GRUPO HLA y que se activan por cookies servidas por dicha entidad o por terceros que prestan estos servicios por cuenta del GRUPO HLA.\r\n\r\n\r\n<\/p>\r\n<p class=\"sc-kDTjaY kWepwH text\">Por regla general, existen los siguientes tipos de cookies:\r\n\r\n\r\n<\/p>\r\n<p class=\"sc-kDTjaY kWepwH text\">Seg\u00fan quien sea la entidad que gestione el dominio desde donde se env\u00edan las cookies y trate los datos que se obtengan se pueden distinguir dos tipos:\r\n\r\n\r\n<\/p>\r\n\r\n<ul class=\"list\">\r\n \t<li class=\"list-item\">\r\n<p class=\"sc-kDTjaY dGTqwR\"><strong class=\"list-item__strong\">Cookies propias:\u00a0<\/strong>aqu\u00e9llas que se env\u00edan al equipo terminal del usuario desde un equipo o dominio gestionado por el propio editor y desde el que se presta el servicio solicitado por el usuario.<\/p>\r\n<\/li>\r\n \t<li class=\"list-item\">\r\n<p class=\"sc-kDTjaY dGTqwR\"><strong class=\"list-item__strong\">Cookies de terceros:\u00a0<\/strong>aqu\u00e9llas que se env\u00edan al equipo terminal del usuario desde un equipo o dominio que no es gestionado por el editor, sino por otra entidad que trata los datos obtenidos a trav\u00e9s de las cookies.<\/p>\r\n<\/li>\r\n<\/ul>\r\n<p class=\"sc-kDTjaY kWepwH text\">En el caso de que las cookies sean instaladas desde un equipo o dominio gestionado por el propio editor, pero la informaci\u00f3n que se recoja mediante \u00e9stas sea gestionada por un tercero, no pueden ser consideradas como cookies propias.\r\n\r\n\r\n<\/p>\r\n<p class=\"sc-kDTjaY kWepwH text\">Existe tambi\u00e9n una segunda clasificaci\u00f3n seg\u00fan el plazo de tiempo que permanecen almacenadas en el navegador del cliente, pudiendo tratarse de:\r\n\r\n\r\n<\/p>\r\n\r\n<ul class=\"list\">\r\n \t<li class=\"list-item\">\r\n<p class=\"sc-kDTjaY dGTqwR\"><strong class=\"list-item__strong\">Cookies de sesi\u00f3n:\u00a0<\/strong>dise\u00f1adas para recabar y almacenar datos mientras el usuario accede a una p\u00e1gina web. Se suelen emplear para almacenar informaci\u00f3n que solo interesa conservar para la prestaci\u00f3n del servicio solicitado por el usuario en una sola ocasi\u00f3n (P.E. una lista de productos adquiridos).<\/p>\r\n<\/li>\r\n \t<li class=\"list-item\">\r\n<p class=\"sc-kDTjaY dGTqwR\"><strong class=\"list-item__strong\">Cookies persistentes:\u00a0<\/strong>los datos siguen almacenados en el terminal y pueden ser accedidos y tratados durante un periodo definido por el responsable de la cookie, y que puede ir de unos minutos a varios a\u00f1os.<\/p>\r\n<\/li>\r\n<\/ul>\r\n<p class=\"sc-kDTjaY kWepwH text\">Por \u00faltimo, existe otra clasificaci\u00f3n con seis tipos de cookies seg\u00fan la finalidad para la que se traten los datos obtenidos:\r\n\r\n\r\n<\/p>\r\n\r\n<ul class=\"list\">\r\n \t<li class=\"list-item\">\r\n<p class=\"sc-kDTjaY dGTqwR\"><strong class=\"list-item__strong\">Cookies T\u00e9cnicas:\u00a0<\/strong>Las cookies t\u00e9cnicas o necesarias son esenciales para que nuestra web pueda funcionar correctamente e incluye funcionalidades b\u00e1sicas como identificar la sesi\u00f3n o dar acceso a los usuarios registrados a zonas de acceso restringido. Por estos motivos las cookies t\u00e9cnicas no se pueden desactivar.<\/p>\r\n<\/li>\r\n \t<li class=\"list-item\">\r\n<p class=\"sc-kDTjaY dGTqwR\"><strong class=\"list-item__strong\">Cookies de Preferencia:\u00a0<\/strong>Al utilizar cookies de preferencias, la p\u00e1gina web puede recordar informaci\u00f3n durante tu tiempo de navegaci\u00f3n asociada a la forma en que la p\u00e1gina se comporta o el aspecto que tiene, como tu idioma preferido o la regi\u00f3n en la que te encuentras.<\/p>\r\n<\/li>\r\n \t<li class=\"list-item\">\r\n<p class=\"sc-kDTjaY dGTqwR\"><strong class=\"list-item__strong\">Cookies Estad\u00edsticas:\u00a0<\/strong>Utilizamos cookies de tipo estad\u00edstico para ver como interact\u00faas con la p\u00e1gina web, reuniendo informaci\u00f3n an\u00f3nima durante el tiempo que navegas por ella. La finalidad de recabar esta informaci\u00f3n es la de introducir mejoras en la web en funci\u00f3n del an\u00e1lisis de los datos agregados.<\/p>\r\n<\/li>\r\n \t<li class=\"list-item\">\r\n<p class=\"sc-kDTjaY dGTqwR\"><strong class=\"list-item__strong\">Cookies Publicitarias:\u00a0<\/strong>Nos permiten la gesti\u00f3n de los espacios publicitarios incluidos en nuestro sitio web, aplicaci\u00f3n o plataforma en base a criterios como el contenido mostrado o la frecuencia en la que se muestran los anuncios.<\/p>\r\n<\/li>\r\n \t<li class=\"list-item\">\r\n<p class=\"sc-kDTjaY dGTqwR\"><strong class=\"list-item__strong\">Cookies de Marketing:\u00a0<\/strong>Las cookies de marketing se utilizan para analizar tu comportamiento mientras visitas la p\u00e1gina web y para que, de forma puntual, otros proveedores puedan ofrecerte publicidad personalizada y relevante atendiendo a tu perfil de navegaci\u00f3n.<\/p>\r\n<\/li>\r\n \t<li class=\"list-item\">\r\n<p class=\"sc-kDTjaY dGTqwR\"><strong class=\"list-item__strong\">Cookies de Redes sociales externas:\u00a0<\/strong>Se utilizan para que los visitantes puedan interactuar con el contenido de diferentes plataformas sociales (Facebook, YouTube, Twitter, LinkedIn, etc..) y que se generen \u00fanicamente para los usuarios de dichas redes sociales. Las condiciones de utilizaci\u00f3n de estas cookies y la informaci\u00f3n recopilada se regulan por la pol\u00edtica de privacidad de la plataforma social correspondiente.<\/p>\r\n<\/li>\r\n<\/ul>\r\n<\/section><section>\r\n<div class=\"subtitle\">\r\n<h3 class=\"sc-jRQCJB gHzeiB subtitle1\">2. Cookies que nosotros utilizamos<\/h3>\r\n<\/div>\r\n<p class=\"sc-kDTjaY kWepwH text\">Desde la web del GRUPO HLA, utilizamos cookies que tienen diferentes funciones:\r\n\r\n\r\n<\/p>\r\n\r\n<ul class=\"list\">\r\n \t<li class=\"list-item\">\r\n<p class=\"sc-kDTjaY dGTqwR\"><strong class=\"list-item__strong\">Cookies T\u00e9cnicas:\u00a0<\/strong>Las cookies t\u00e9cnicas o necesarias son esenciales para que nuestra web pueda funcionar correctamente e incluye funcionalidades b\u00e1sicas como identificar la sesi\u00f3n o dar acceso a los usuarios registrados a zonas de acceso restringido. Por estos motivos las cookies t\u00e9cnicas no se pueden desactivar.<\/p>\r\n<\/li>\r\n \t<li class=\"list-item\">\r\n<p class=\"sc-kDTjaY dGTqwR\"><strong class=\"list-item__strong\">Cookies Estad\u00edsticas:\u00a0<\/strong>Utilizamos cookies de tipo estad\u00edstico para ver como interact\u00faas con la p\u00e1gina web, reuniendo informaci\u00f3n an\u00f3nima durante el tiempo que navegas por ella. La finalidad de recabar esta informaci\u00f3n es la de introducir mejoras en la web en funci\u00f3n del an\u00e1lisis de los datos agregados.<\/p>\r\n<\/li>\r\n \t<li class=\"list-item\">\r\n<p class=\"sc-kDTjaY dGTqwR\"><strong class=\"list-item__strong\">Cookies de Preferencia:\u00a0<\/strong>Al utilizar cookies de preferencias, la p\u00e1gina web puede recordar informaci\u00f3n durante tu tiempo de navegaci\u00f3n asociada a la forma en que la p\u00e1gina se comporta o el aspecto que tiene, como tu idioma preferido o la regi\u00f3n en la que te encuentras.<\/p>\r\n<\/li>\r\n \t<li class=\"list-item\">\r\n<p class=\"sc-kDTjaY dGTqwR\"><strong class=\"list-item__strong\">Cookies de Marketing:\u00a0<\/strong>Las cookies de marketing o publicitarias se utilizan para analizar tu comportamiento mientras visitas la p\u00e1gina web y para que, de forma puntual, otros proveedores puedan ofrecerte publicidad personalizada y relevante atendiendo a tu perfil de navegaci\u00f3n.<\/p>\r\n<\/li>\r\n<\/ul>\r\n<p class=\"sc-kDTjaY kWepwH text\">Utilizamos cookies propias y de terceros.\r\n\r\n\r\n<\/p>\r\n<p class=\"sc-kDTjaY kWepwH text\">En la tabla siguiente podr\u00e1 encontrar todas las cookies utilizadas. Para m\u00e1s informaci\u00f3n sobre el uso que estos terceros llevan a cabo sobre las cookies pinche en\u00a0<a class=\"more-info-link\" href=\"\/politica-de-cookies\" target=\"_blank\" rel=\"noopener noreferer\">M\u00e1s informaci\u00f3n.<\/a>\r\n\r\n\r\n<\/p>\r\n\r\n<div class=\"policies-table\">\r\n<div class=\"policies-table__row\">\r\n<p class=\"sc-kDTjaY dGTqwR policies-table__row-item\">Categoria<\/p>\r\n<p class=\"sc-kDTjaY dGTqwR policies-table__row-item\">Nombre<\/p>\r\n<p class=\"sc-kDTjaY dGTqwR policies-table__row-item\">Finalidad<\/p>\r\n<p class=\"sc-kDTjaY dGTqwR policies-table__row-item\">Caducidad<\/p>\r\n<p class=\"sc-kDTjaY dGTqwR policies-table__row-item\">Titular<\/p>\r\n\r\n<\/div>\r\n<div class=\"policies-table__row\">\r\n<p class=\"sc-kDTjaY dGTqwR policies-table__row-item\">Necesario\/http<\/p>\r\n<p class=\"sc-kDTjaY dGTqwR policies-table__row-item\">[ASP.NET_ SessionId]<\/p>\r\n<p class=\"sc-kDTjaY dGTqwR policies-table__row-item table-purpose\">Conserva los estados de los usuarios en todas las peticiones de la p\u00e1gina.<\/p>\r\n<p class=\"sc-kDTjaY dGTqwR policies-table__row-item\">Sesi\u00f3n<\/p>\r\n<p class=\"sc-kDTjaY dGTqwR policies-table__row-item\">www.grupohla.com<\/p>\r\n\r\n<\/div>\r\n<div class=\"policies-table__row\">\r\n<p class=\"sc-kDTjaY dGTqwR policies-table__row-item\">Necesario\/http<\/p>\r\n<p class=\"sc-kDTjaY dGTqwR policies-table__row-item\">[incap_ses_#]<\/p>\r\n<p class=\"sc-kDTjaY dGTqwR policies-table__row-item table-purpose\">Conserva los estados de los usuarios en todas las peticiones de la p\u00e1gina.<\/p>\r\n<p class=\"sc-kDTjaY dGTqwR policies-table__row-item\">Sesi\u00f3n<\/p>\r\n<p class=\"sc-kDTjaY dGTqwR policies-table__row-item\">www.grupohla.com<\/p>\r\n\r\n<\/div>\r\n<div class=\"policies-table__row\">\r\n<p class=\"sc-kDTjaY dGTqwR policies-table__row-item\">Necesario\/http<\/p>\r\n<p class=\"sc-kDTjaY dGTqwR policies-table__row-item\">[visid_incap_#]<\/p>\r\n<p class=\"sc-kDTjaY dGTqwR policies-table__row-item table-purpose\">Conserva los estados de los usuarios en todas las peticiones de la p\u00e1gina.<\/p>\r\n<p class=\"sc-kDTjaY dGTqwR policies-table__row-item\">1 d\u00eda<\/p>\r\n<p class=\"sc-kDTjaY dGTqwR policies-table__row-item\">www.grupohla.com<\/p>\r\n\r\n<\/div>\r\n<div class=\"policies-table__row\">\r\n<p class=\"sc-kDTjaY dGTqwR policies-table__row-item\">*Preferencias\/http<\/p>\r\n<p class=\"sc-kDTjaY dGTqwR policies-table__row-item\">[CMSPreferred Culture]<\/p>\r\n<p class=\"sc-kDTjaY dGTqwR policies-table__row-item table-purpose\">La cookie determina el idioma preferido y la configuraci\u00f3n de pa\u00eds del visitante &#8211; Esto permite a la web mostrar contenido m\u00e1s relevante para esa regi\u00f3n e idioma.<\/p>\r\n<p class=\"sc-kDTjaY dGTqwR policies-table__row-item\">1 a\u00f1o<\/p>\r\n<p class=\"sc-kDTjaY dGTqwR policies-table__row-item\">www.grupohla.com<\/p>\r\n\r\n<\/div>\r\n<div class=\"policies-table__row\">\r\n<p class=\"sc-kDTjaY dGTqwR policies-table__row-item\">*Estad\u00edstica\/Pixel<\/p>\r\n<p class=\"sc-kDTjaY dGTqwR policies-table__row-item\">[__utm.gif]<\/p>\r\n<p class=\"sc-kDTjaY dGTqwR policies-table__row-item table-purpose\">Esta cookie se utiliza para determinar el tipo de dispositivo o programa de navegador que utiliza el visitante. Esto permite el formateo del sitio web en consonancia.<\/p>\r\n<p class=\"sc-kDTjaY dGTqwR policies-table__row-item\">Sesi\u00f3n<\/p>\r\n<p class=\"sc-kDTjaY dGTqwR policies-table__row-item\">google-analytics<\/p>\r\n\r\n<\/div>\r\n<div class=\"policies-table__row\">\r\n<p class=\"sc-kDTjaY dGTqwR policies-table__row-item\">*Estad\u00edstica\/http<\/p>\r\n<p class=\"sc-kDTjaY dGTqwR policies-table__row-item\">[__utma]<\/p>\r\n<p class=\"sc-kDTjaY dGTqwR policies-table__row-item table-purpose\">Recopila datos sobre el n\u00famero de veces que un usuario ha visitado el sitio web adem\u00e1s de las fechas de la primera visita y de la m\u00e1s reciente. Utilizada por Google Analytics.<\/p>\r\n<p class=\"sc-kDTjaY dGTqwR policies-table__row-item\">2 a\u00f1os<\/p>\r\n<p class=\"sc-kDTjaY dGTqwR policies-table__row-item\">www.grupohla.com<\/p>\r\n\r\n<\/div>\r\n<div class=\"policies-table__row\">\r\n<p class=\"sc-kDTjaY dGTqwR policies-table__row-item\">*Estad\u00edstica\/http<\/p>\r\n<p class=\"sc-kDTjaY dGTqwR policies-table__row-item\">[__utmb]<\/p>\r\n<p class=\"sc-kDTjaY dGTqwR policies-table__row-item table-purpose\">Registra un sello temporal con la hora exacta en que el usuario accede al sitio web. Utilizada por Google Analytics para calcular la duraci\u00f3n de la visita a un sitio web.<\/p>\r\n<p class=\"sc-kDTjaY dGTqwR policies-table__row-item\">1 a\u00f1o<\/p>\r\n<p class=\"sc-kDTjaY dGTqwR policies-table__row-item\">www.grupohla.com<\/p>\r\n\r\n<\/div>\r\n<div class=\"policies-table__row\">\r\n<p class=\"sc-kDTjaY dGTqwR policies-table__row-item\">*Estad\u00edstica\/http<\/p>\r\n<p class=\"sc-kDTjaY dGTqwR policies-table__row-item\">[__utmc]<\/p>\r\n<p class=\"sc-kDTjaY dGTqwR policies-table__row-item table-purpose\">Registra un sello temporal con la hora exacta en que el usuario deja el sitio web. Utilizada por Google Analytics para calcular la duraci\u00f3n de la visita a un sitio web.<\/p>\r\n<p class=\"sc-kDTjaY dGTqwR policies-table__row-item\">Sesi\u00f3n<\/p>\r\n<p class=\"sc-kDTjaY dGTqwR policies-table__row-item\">www.grupohla.com<\/p>\r\n\r\n<\/div>\r\n<div class=\"policies-table__row\">\r\n<p class=\"sc-kDTjaY dGTqwR policies-table__row-item\">*Estad\u00edstica\/http<\/p>\r\n<p class=\"sc-kDTjaY dGTqwR policies-table__row-item\">[__utmt]<\/p>\r\n<p class=\"sc-kDTjaY dGTqwR policies-table__row-item table-purpose\">Utilizada para acelerar la velocidad de las peticiones del servidor.<\/p>\r\n<p class=\"sc-kDTjaY dGTqwR policies-table__row-item\">1 d\u00eda<\/p>\r\n<p class=\"sc-kDTjaY dGTqwR policies-table__row-item\">www.grupohla.com<\/p>\r\n\r\n<\/div>\r\n<div class=\"policies-table__row\">\r\n<p class=\"sc-kDTjaY dGTqwR policies-table__row-item\">*Estad\u00edstica\/http<\/p>\r\n<p class=\"sc-kDTjaY dGTqwR policies-table__row-item\">[__utmz]<\/p>\r\n<p class=\"sc-kDTjaY dGTqwR policies-table__row-item table-purpose\">Recopila datos acerca de d\u00f3nde proviene el usuario, qu\u00e9 motor de b\u00fasqueda ha sido utilizado, sobre qu\u00e9 enlace se ha hecho clic y qu\u00e9 t\u00e9rmino de b\u00fasqueda se us\u00f3. Utilizada por Google Analytics.<\/p>\r\n<p class=\"sc-kDTjaY dGTqwR policies-table__row-item\">6 meses<\/p>\r\n<p class=\"sc-kDTjaY dGTqwR policies-table__row-item\">www.grupohla.com<\/p>\r\n\r\n<\/div>\r\n<div class=\"policies-table__row\">\r\n<p class=\"sc-kDTjaY dGTqwR policies-table__row-item\">Cookies de Marketing<\/p>\r\n<p class=\"sc-kDTjaY dGTqwR policies-table__row-item\">[_ga]<\/p>\r\n<p class=\"sc-kDTjaY dGTqwR policies-table__row-item table-purpose\">Cookies de Marketing<\/p>\r\n<p class=\"sc-kDTjaY dGTqwR policies-table__row-item\">1 a\u00f1o<\/p>\r\n<p class=\"sc-kDTjaY dGTqwR policies-table__row-item\">google-analytics<\/p>\r\n\r\n<\/div>\r\n<div class=\"policies-table__row\">\r\n<p class=\"sc-kDTjaY dGTqwR policies-table__row-item\">Cookies de Marketing<\/p>\r\n<p class=\"sc-kDTjaY dGTqwR policies-table__row-item\">[_ga_R9WCGW38BP]<\/p>\r\n<p class=\"sc-kDTjaY dGTqwR policies-table__row-item table-purpose\">Cookies de Marketing<\/p>\r\n<p class=\"sc-kDTjaY dGTqwR policies-table__row-item\">1 a\u00f1o<\/p>\r\n<p class=\"sc-kDTjaY dGTqwR policies-table__row-item\">google-analytics<\/p>\r\n\r\n<\/div>\r\n<div class=\"policies-table__row\">\r\n<p class=\"sc-kDTjaY dGTqwR policies-table__row-item\">Cookies de Marketing<\/p>\r\n<p class=\"sc-kDTjaY dGTqwR policies-table__row-item\">[_gid]<\/p>\r\n<p class=\"sc-kDTjaY dGTqwR policies-table__row-item table-purpose\">Cookies de Marketing<\/p>\r\n<p class=\"sc-kDTjaY dGTqwR policies-table__row-item\">1 a\u00f1o<\/p>\r\n<p class=\"sc-kDTjaY dGTqwR policies-table__row-item\">google-analytics<\/p>\r\n\r\n<\/div>\r\n<div class=\"policies-table__row\">\r\n<p class=\"sc-kDTjaY dGTqwR policies-table__row-item\">Cookies de Marketing<\/p>\r\n<p class=\"sc-kDTjaY dGTqwR policies-table__row-item\">[_gcl_au]<\/p>\r\n<p class=\"sc-kDTjaY dGTqwR policies-table__row-item table-purpose\">Cookies de Marketing<\/p>\r\n<p class=\"sc-kDTjaY dGTqwR policies-table__row-item\">1 a\u00f1o<\/p>\r\n<p class=\"sc-kDTjaY dGTqwR policies-table__row-item\">google-analytics<\/p>\r\n\r\n<\/div>\r\n<div class=\"policies-table__row\">\r\n<p class=\"sc-kDTjaY dGTqwR policies-table__row-item\">Cookies de Marketing<\/p>\r\n<p class=\"sc-kDTjaY dGTqwR policies-table__row-item\">[_ga_8NG341T2X5]<\/p>\r\n<p class=\"sc-kDTjaY dGTqwR policies-table__row-item table-purpose\">Cookies de Marketing<\/p>\r\n<p class=\"sc-kDTjaY dGTqwR policies-table__row-item\">1 a\u00f1o<\/p>\r\n<p class=\"sc-kDTjaY dGTqwR policies-table__row-item\">google-analytics<\/p>\r\n\r\n<\/div>\r\n<\/div>\r\n<p class=\"sc-kDTjaY kWepwH text\">*Estas cookies no se encuentran bloqueadas hasta que sean aceptadas por el usuario. Se han de bloquear hasta que el usuario d\u00e9 su aceptaci\u00f3n.\r\n\r\n\r\n<\/p>\r\n\r\n<\/section><section>\r\n<div class=\"subtitle\">\r\n<h3 class=\"sc-jRQCJB gHzeiB subtitle1\">3. C\u00f3mo cambiar las cookies (Desactivaci\u00f3n y eliminaci\u00f3n)<\/h3>\r\n<\/div>\r\n<ul class=\"list\">\r\n \t<li class=\"list-item\">\r\n<p class=\"sc-kDTjaY dGTqwR\"><strong class=\"list-item__strong\">C\u00f3mo administrar cookies desde nuestro Banner:<\/strong><\/p>\r\n<p class=\"sc-kDTjaY kWepwH text\">Dentro de la p\u00e1gina web de GRUPO HLA, de forma autom\u00e1tica, se abrir\u00e1 una ventana donde podr\u00e1 decidir si quiere aceptar la instalaci\u00f3n de cookies lo que permite que se instalen y sean utilizadas tal y como se dispone en nuestra pol\u00edtica de cookies o bien configurar las mismas seg\u00fan quiera.\r\n\r\n<\/p>\r\n<p class=\"sc-kDTjaY kWepwH text\">La opci\u00f3n de configurar las cookies siempre estar\u00e1 presente en la parte inferior de la p\u00e1gina en el caso de que cambie de opini\u00f3n.\r\n\r\n<\/p>\r\n<\/li>\r\n \t<li class=\"list-item\">\r\n<p class=\"sc-kDTjaY dGTqwR\"><strong class=\"list-item__strong\">C\u00f3mo administrar cookies desde su navegador:<\/strong><\/p>\r\n<p class=\"sc-kDTjaY kWepwH text\">La mayor\u00eda de los navegadores le permiten ver, administrar, eliminar y bloquear las cookies de un sitio web. Tenga en cuenta que si borra todas las cookies se perder\u00e1n todas las preferencias de usuario que haya establecido, incluida la posibilidad de excluir cookies, ya que esta funci\u00f3n requiere, precisamente, la colocaci\u00f3n de una cookie de exclusi\u00f3n en su dispositivo.\r\n\r\n<\/p>\r\n<p class=\"sc-kDTjaY kWepwH text\">A continuaci\u00f3n, puede ver c\u00f3mo gestionar las cookies en los principales navegadores:\r\n\r\n<\/p>\r\n\r\n<ol class=\"list\">\r\n \t<li class=\"list-item\">\r\n<p class=\"sc-kDTjaY dGTqwR\"><strong class=\"list-item__strong\">Google Chrome<\/strong><\/p>\r\n<p class=\"sc-kDTjaY kWepwH text\">1. En el ordenador, abre Chrome.\r\n\r\n<\/p>\r\n<p class=\"sc-kDTjaY kWepwH text\">2. Arriba a la derecha, haz clic en M\u00e1s. Configuraci\u00f3n.\r\n\r\n<\/p>\r\n<p class=\"sc-kDTjaY kWepwH text\">3. En \u201cPrivacidad y seguridad\u201d, haz clic en Configuraci\u00f3n de sitios web.\r\n\r\n<\/p>\r\n<p class=\"sc-kDTjaY kWepwH text\">4. Haz clic en Cookies.\r\n\r\n<\/p>\r\n<p class=\"sc-kDTjaY kWepwH text\">5. A continuaci\u00f3n, podr\u00e1s: Activar las cookies: activa el interruptor que aparece junto a \u201cCon bloqueo\u201d.\r\n\r\n<\/p>\r\n\r\n<div class=\"text_and_link\">Para m\u00e1s informaci\u00f3n, puedes consultar elsoprte de Google o la Ayuda del navegador.\r\n\r\n<\/div><\/li>\r\n \t<li class=\"list-item\">\r\n<p class=\"sc-kDTjaY dGTqwR\"><strong class=\"list-item__strong\">Microsoft Internet Explorer:<\/strong><\/p>\r\n<p class=\"sc-kDTjaY kWepwH text\">1. Haz clic en \u201cherramientas\u201d en la esquina superior de tu buscador Windows y selecciona opciones \u201copciones de internet\u201d y vuelve a clicar en la opci\u00f3n de \u201cPrivacidad\u201d.\r\n\r\n<\/p>\r\n<p class=\"sc-kDTjaY kWepwH text\">2. Aseg\u00farate de que tu nivel de Privacidad est\u00e1 en nivel Medio o menor lo que permitir\u00e1 el uso de cookies en tu buscador.\r\n\r\n<\/p>\r\n<p class=\"sc-kDTjaY kWepwH text\">3. Si se selecciona una opci\u00f3n mayor a nivel Medio no se permitir\u00e1 el uso de las cookies.\r\n\r\n<\/p>\r\n\r\n<div class=\"text_and_link\">Para m\u00e1s informaci\u00f3n, puedes consultar elsoporte de Microsoft o la Ayuda del navegador.\r\n\r\n<\/div><\/li>\r\n \t<li class=\"list-item\">\r\n<p class=\"sc-kDTjaY dGTqwR\"><strong class=\"list-item__strong\">Mozilla Firefox:<\/strong><\/p>\r\n<p class=\"sc-kDTjaY kWepwH text\">1. Haz clic en la parte superior de la ventana de tu buscador. Haz clic en \u201cHerramientas\u201d y selecciona \u201cOpciones\u201d\r\n\r\n<\/p>\r\n<p class=\"sc-kDTjaY kWepwH text\">2. Selecciona el icono de Privacidad &amp; Seguridad.\r\n\r\n<\/p>\r\n<p class=\"sc-kDTjaY kWepwH text\">3. Haz clic en la opci\u00f3n de permitir cookies en esta web.\r\n\r\n<\/p>\r\n\r\n<div class=\"text_and_link\">Para m\u00e1s informaci\u00f3n, puedes consultar elsoporte de Mozilla o la Ayuda del navegador.\r\n\r\n<\/div><\/li>\r\n \t<li class=\"list-item\">\r\n<p class=\"sc-kDTjaY dGTqwR\"><strong class=\"list-item__strong\">Safari:<\/strong><\/p>\r\n<p class=\"sc-kDTjaY kWepwH text\">1. Haz clic en el icono de herramientas en la parte superior de tu buscador y selecciona la opci\u00f3n de \u201cpreferencias\u201d.\r\n\r\n<\/p>\r\n<p class=\"sc-kDTjaY kWepwH text\">2. Haz clic en \u201cPrivacidad y seguridad\u201d y selecciona la opci\u00f3n de Bloquear \u201cImpedir seguimiento entre sitios\u201d\r\n\r\n<\/p>\r\n<p class=\"sc-kDTjaY kWepwH text\">3. Haz clic en \u201cGuardar\u201d.\r\n\r\n<\/p>\r\n\r\n<div class=\"text_and_link\">Para m\u00e1s informaci\u00f3n, puedes consultar elsoporte de Apple\u00a0o la Ayuda del navegador.\r\n\r\n<\/div>\r\n<p class=\"sc-kDTjaY kWepwH text\">O puede consultar los video tutoriales publicados por la Agencia Espa\u00f1ola de Protecci\u00f3n de Datos:\r\n<a class=\"text-link\" href=\"http:\/\/www.youtube.com\/user\/desdelaAEPD\" target=\"_blank\" rel=\"noopener noreferrer\">http:\/\/www.youtube.com\/user\/desdelaAEPD<\/a>\r\n\r\n<\/p>\r\n<\/li>\r\n<\/ol>\r\n<\/li>\r\n<\/ul>\r\n<\/section><section>\r\n<div class=\"subtitle\">\r\n<h3 class=\"sc-jRQCJB gHzeiB subtitle1\">4. Cambios en la pol\u00edtica de cookies.<\/h3>\r\n<\/div>\r\n<p class=\"sc-kDTjaY kWepwH text\">El presente aviso de privacidad puede sufrir modificaciones, cambios o actualizaciones derivadas de nuevos requerimientos legales. El presente documento ser\u00e1 siempre la versi\u00f3n actualizada, adaptada a los nuevos requerimientos.\r\n\r\n\r\n<\/p>\r\n\r\n<\/section><section>\r\n<div class=\"subtitle\">\r\n<h3 class=\"sc-jRQCJB gHzeiB subtitle1\">5. A qui\u00e9n van a ser comunicados sus datos<\/h3>\r\n<\/div>\r\n<p class=\"sc-kDTjaY kWepwH text\">Con car\u00e1cter general, los datos de los usuarios recabados a trav\u00e9s de las cookies propias de este sitio web, no ser\u00e1n transferidos a terceras personas.\r\n\r\n<\/p>\r\n<p class=\"sc-kDTjaY kWepwH text\">Sin embargo, con motivo de la utilizaci\u00f3n de cookies de terceros, es posible que los datos recabados sean transferidos fuera de la Uni\u00f3n Europea, debido a que estas cookies pueden estar alojadas fuera del Espacio Econ\u00f3mico Europeo.\r\n\r\n<\/p>\r\n<p class=\"sc-kDTjaY kWepwH text\">Las cookies que pueden encontrarse alojadas fuera de la UE son las siguientes:\r\n\r\n<\/p>\r\n<p class=\"sc-kDTjaY kWepwH text\">_omappvp y _omappvs: Son de Retyp, LLC d\/b\/a OptinMonster, cuya Pol\u00edtica de Cookies puede consultar en el siguiente link.\u00a0<a class=\"text-link\" href=\"https:\/\/optinmonster.com\/gdpr\/cookies\/\" target=\"_blank\" rel=\"noopener noreferrer\">https:\/\/optinmonster.com\/gdpr\/cookies\/.<\/a>\r\n\r\n<\/p>\r\n<p class=\"sc-kDTjaY kWepwH text\">_ Marketing \/Pixel: Son de Google Analytics, cuya Pol\u00edtica de Cookies puede consultar en el siguiente link:\u00a0<a class=\"text-link\" href=\"https:\/\/developers.google.com\/analytics\/devguides\/collection\/analyticsjs\/cookies-user-id?hl=es.\" target=\"_blank\" rel=\"noopener noreferrer\">https:\/\/developers.google.com\/analytics\/devguides\/collection\/analyticsjs\/cookies-user-id?hl=es.<\/a>\r\n\r\n<\/p>\r\n\r\n<\/section><section>\r\n<div class=\"subtitle\">\r\n<h3 class=\"sc-jRQCJB gHzeiB subtitle1\">6. Elaboraci\u00f3n de perfiles<\/h3>\r\n<\/div>\r\n<p class=\"sc-kDTjaY kWepwH text\">Asimismo, le informamos de que el responsable no tiene previsto realizar elaboraciones de perfiles con los datos recabados mediante las cookies empleadas en el sitio web.\r\n\r\n<\/p>\r\n<p class=\"sc-kDTjaY kWepwH text\">Si en el futuro fuese a llevarse a cabo, se informar\u00eda previamente a los usuarios y se les solicitar\u00eda el pertinente consentimiento.<\/p>\r\n\r\n<\/section>","protected":false},"excerpt":{"rendered":"<p>Pol\u00edtica de cookies 1. \u00bfQu\u00e9 son las cookies? Las cookies son peque\u00f1os ficheros de datos que se generan en el ordenador del usuario y que nos permiten conocer su frecuencia de visitas, los contenidos m\u00e1s seleccionados y los elementos de seguridad que pueden intervenir en el control de acceso a \u00e1reas restringidas, as\u00ed como la [&hellip;]<\/p>\n","protected":false},"author":1,"featured_media":0,"parent":0,"menu_order":0,"comment_status":"closed","ping_status":"closed","template":"","meta":{"inline_featured_image":false,"_monsterinsights_skip_tracking":false,"_monsterinsights_sitenote_active":false,"_monsterinsights_sitenote_note":"","_monsterinsights_sitenote_category":0,"footnotes":""},"class_list":["post-1287","page","type-page","status-publish","hentry"],"_links":{"self":[{"href":"https:\/\/hlalasalud.com\/en\/wp-json\/wp\/v2\/pages\/1287","targetHints":{"allow":["GET"]}}],"collection":[{"href":"https:\/\/hlalasalud.com\/en\/wp-json\/wp\/v2\/pages"}],"about":[{"href":"https:\/\/hlalasalud.com\/en\/wp-json\/wp\/v2\/types\/page"}],"author":[{"embeddable":true,"href":"https:\/\/hlalasalud.com\/en\/wp-json\/wp\/v2\/users\/1"}],"replies":[{"embeddable":true,"href":"https:\/\/hlalasalud.com\/en\/wp-json\/wp\/v2\/comments?post=1287"}],"version-history":[{"count":1,"href":"https:\/\/hlalasalud.com\/en\/wp-json\/wp\/v2\/pages\/1287\/revisions"}],"predecessor-version":[{"id":1288,"href":"https:\/\/hlalasalud.com\/en\/wp-json\/wp\/v2\/pages\/1287\/revisions\/1288"}],"wp:attachment":[{"href":"https:\/\/hlalasalud.com\/en\/wp-json\/wp\/v2\/media?parent=1287"}],"curies":[{"name":"wp","href":"https:\/\/api.w.org\/{rel}","templated":true}]}}