{"id":1291,"date":"2026-03-11T13:52:25","date_gmt":"2026-03-11T12:52:25","guid":{"rendered":"https:\/\/hlalasalud.com\/?page_id=1291"},"modified":"2026-03-11T13:52:25","modified_gmt":"2026-03-11T12:52:25","slug":"politica-de-proteccion","status":"publish","type":"page","link":"https:\/\/hlalasalud.com\/en\/politica-de-proteccion\/","title":{"rendered":"Data Protection Policy"},"content":{"rendered":"<h1 data-section-id=\"7wix0i\" data-start=\"538\" data-end=\"573\">Data Protection Policy<\/h1>\r\n<p data-start=\"574\" data-end=\"607\"><strong data-start=\"574\" data-end=\"599\">Last updated:<\/strong> 11\/03\/2026<\/p>\r\n<p data-start=\"609\" data-end=\"798\">Hi <strong data-start=\"612\" data-end=\"638\"><a class=\"decorated-link\" href=\"https:\/\/hlalasalud.com\/en\/\" target=\"_new\" rel=\"noopener\" data-start=\"614\" data-end=\"636\">https:\/\/hlalasalud.com<\/a><\/strong> We are committed to protecting user privacy and ensuring compliance with current personal data protection regulations.<\/p>\r\n\r\n<h2 data-section-id=\"kt5j8d\" data-start=\"800\" data-end=\"833\">1. Data controller<\/h2>\r\n<p data-start=\"834\" data-end=\"920\">The controller of personal data collected on this website is:<\/p>\r\n<p data-start=\"922\" data-end=\"1115\"><strong data-start=\"922\" data-end=\"934\">Headline<\/strong> HOSPITAL NUESTRA SE\u00d1ORA DE LA SALUD, GRUPO HLA SLU<br data-start=\"967\" data-end=\"970\" \/><strong data-start=\"970\" data-end=\"982\">Company Registration Number\/Tax Identification Number<\/strong> B72214331<br data-start=\"991\" data-end=\"994\" \/><strong data-start=\"994\" data-end=\"1008\">Address<\/strong> FEDUCHY STREET 8, 11001 \u2013 C\u00c1DIZ<br data-start=\"1029\" data-end=\"1032\" \/><strong data-start=\"1032\" data-end=\"1055\">Email<\/strong> DPO@grupohla.com<br data-start=\"1075\" data-end=\"1078\" \/><strong data-start=\"1078\" data-end=\"1092\">Website<\/strong> <a class=\"decorated-link\" href=\"https:\/\/hlalasalud.com\/en\/\" target=\"_new\" rel=\"noopener\" data-start=\"1093\" data-end=\"1115\">https:\/\/hlalasalud.com<\/a><\/p>\r\n\r\n<h2 data-section-id=\"xqaz69\" data-start=\"1117\" data-end=\"1142\">2. Applicable regulations<\/h2>\r\n<p data-start=\"1143\" data-end=\"1273\">This privacy policy is adapted to current Spanish and European regulations on data protection, including:<\/p>\r\n\r\n<ul data-start=\"1275\" data-end=\"1400\">\r\n \t<li data-section-id=\"cgv1px\" data-start=\"1275\" data-end=\"1316\">\r\n<p data-start=\"1277\" data-end=\"1316\"><span class=\"hover:entity-accent entity-underline inline cursor-pointer align-baseline\"><span class=\"whitespace-normal\">General Data Protection Regulation (GDPR)<\/span><\/span><\/p>\r\n<\/li>\r\n \t<li data-section-id=\"eyrt5h\" data-start=\"1317\" data-end=\"1358\">\r\n<p data-start=\"1319\" data-end=\"1358\"><span class=\"hover:entity-accent entity-underline inline cursor-pointer align-baseline\"><span class=\"whitespace-normal\">Organic Law 3\/2018 on Data Protection and the Guarantee of Digital Rights<\/span><\/span><\/p>\r\n<\/li>\r\n \t<li data-section-id=\"hjs5dh\" data-start=\"1359\" data-end=\"1400\">\r\n<p data-start=\"1361\" data-end=\"1400\"><span class=\"hover:entity-accent entity-underline inline cursor-pointer align-baseline\"><span class=\"whitespace-normal\">Information Society and Electronic Commerce Services Act (LSSI-CE)<\/span><\/span><\/p>\r\n<\/li>\r\n<\/ul>\r\n<h2 data-section-id=\"vo7lvo\" data-start=\"1402\" data-end=\"1440\">3. Personal data we collect<\/h2>\r\n<p data-start=\"1441\" data-end=\"1518\">Through this website, we may collect the following personal data:<\/p>\r\n\r\n<ul data-start=\"1520\" data-end=\"1711\">\r\n \t<li data-section-id=\"11yxpil\" data-start=\"1520\" data-end=\"1542\">\r\n<p data-start=\"1522\" data-end=\"1542\">First and last name<\/p>\r\n<\/li>\r\n \t<li data-section-id=\"1huh6s0\" data-start=\"1543\" data-end=\"1578\">\r\n<p data-start=\"1545\" data-end=\"1578\">Email address<\/p>\r\n<\/li>\r\n \t<li data-section-id=\"o8b3f8\" data-start=\"1579\" data-end=\"1601\">\r\n<p data-start=\"1581\" data-end=\"1601\">Phone number<\/p>\r\n<\/li>\r\n \t<li data-section-id=\"bbxg8j\" data-start=\"1602\" data-end=\"1661\">\r\n<p data-start=\"1604\" data-end=\"1661\">Information submitted via contact forms<\/p>\r\n<\/li>\r\n \t<li data-section-id=\"1on9kfc\" data-start=\"1662\" data-end=\"1711\">\r\n<p data-start=\"1664\" data-end=\"1711\">IP address, browser, and browsing data<\/p>\r\n<\/li>\r\n<\/ul>\r\n<h2 data-section-id=\"z6r5yo\" data-start=\"1713\" data-end=\"1744\">4. Purpose of processing<\/h2>\r\n<p data-start=\"1745\" data-end=\"1800\">The personal data collected will be used to:<\/p>\r\n\r\n<ul data-start=\"1802\" data-end=\"2097\">\r\n \t<li data-section-id=\"ob0st6\" data-start=\"1802\" data-end=\"1883\">\r\n<p data-start=\"1804\" data-end=\"1883\">To deal with queries or requests sent via the contact form.<\/p>\r\n<\/li>\r\n \t<li data-section-id=\"r1waf3\" data-start=\"1884\" data-end=\"1938\">\r\n<p data-start=\"1886\" data-end=\"1938\">Managing customer relationships.<\/p>\r\n<\/li>\r\n \t<li data-section-id=\"x157qq\" data-start=\"1939\" data-end=\"2023\">\r\n<p data-start=\"1941\" data-end=\"2023\">Send information related to our services if the user authorises it.<\/p>\r\n<\/li>\r\n \t<li data-section-id=\"1ny9lge\" data-start=\"2024\" data-end=\"2097\">\r\n<p data-start=\"2026\" data-end=\"2097\">To improve the browsing experience and the functioning of the website.<\/p>\r\n<\/li>\r\n<\/ul>\r\n<h2 data-section-id=\"1ep20xx\" data-start=\"2099\" data-end=\"2135\">5. Legal basis for processing<\/h2>\r\n<p data-start=\"2136\" data-end=\"2186\">The processing of personal data is based on:<\/p>\r\n\r\n<ul data-start=\"2188\" data-end=\"2390\">\r\n \t<li data-section-id=\"1jbng5k\" data-start=\"2188\" data-end=\"2251\">\r\n<p data-start=\"2190\" data-end=\"2251\">The <strong data-start=\"2193\" data-end=\"2223\">User consent<\/strong> By accepting this policy.<\/p>\r\n<\/li>\r\n \t<li data-section-id=\"1qm7cc8\" data-start=\"2252\" data-end=\"2310\">\r\n<p data-start=\"2254\" data-end=\"2310\">The <strong data-start=\"2257\" data-end=\"2296\">execution of a contract or service<\/strong> Requested.<\/p>\r\n<\/li>\r\n \t<li data-section-id=\"6k5vsj\" data-start=\"2311\" data-end=\"2390\">\r\n<p data-start=\"2313\" data-end=\"2390\">The <strong data-start=\"2316\" data-end=\"2336\">legitimate interest<\/strong> from the person responsible for improving the services offered.<\/p>\r\n<\/li>\r\n<\/ul>\r\n<h2 data-section-id=\"dcph47\" data-start=\"2392\" data-end=\"2423\">6. Data Conservation<\/h2>\r\n<p data-start=\"2424\" data-end=\"2673\">Personal data will be kept for the time necessary to fulfil the purpose for which they were collected or for as long as there is a relationship with the user. Subsequently, they will be kept blocked for the applicable legal periods.<\/p>\r\n\r\n<h2 data-section-id=\"hll2gi\" data-start=\"2675\" data-end=\"2707\">7. Data recipients<\/h2>\r\n<p data-start=\"2708\" data-end=\"2876\">The data will not be passed on to third parties unless there is a legal obligation or when it is necessary to provide a service (e.g. hosting providers or technological services).<\/p>\r\n<p data-start=\"2878\" data-end=\"2933\">Personal data will not be sold to third parties under any circumstances.<\/p>\r\n\r\n<h2 data-section-id=\"9o7uuu\" data-start=\"2935\" data-end=\"2965\">8. Users' rights<\/h2>\r\n<p data-start=\"2966\" data-end=\"3039\">Users can exercise the following rights at any time:<\/p>\r\n\r\n<ul data-start=\"3041\" data-end=\"3326\">\r\n \t<li data-section-id=\"i67tx6\" data-start=\"3041\" data-end=\"3090\">\r\n<p data-start=\"3043\" data-end=\"3090\">Right to <strong data-start=\"3054\" data-end=\"3064\">access<\/strong> to your personal data.<\/p>\r\n<\/li>\r\n \t<li data-section-id=\"1p1sde7\" data-start=\"3091\" data-end=\"3145\">\r\n<p data-start=\"3093\" data-end=\"3145\">Right to <strong data-start=\"3104\" data-end=\"3121\">Correction<\/strong> of incorrect data.<\/p>\r\n<\/li>\r\n \t<li data-section-id=\"e1qrxm\" data-start=\"3146\" data-end=\"3188\">\r\n<p data-start=\"3148\" data-end=\"3188\">Right to <strong data-start=\"3159\" data-end=\"3172\">suppression<\/strong> of your data.<\/p>\r\n<\/li>\r\n \t<li data-section-id=\"1031p99\" data-start=\"3189\" data-end=\"3235\">\r\n<p data-start=\"3191\" data-end=\"3235\">Right to <strong data-start=\"3202\" data-end=\"3232\">Treatment limitation<\/strong>.<\/p>\r\n<\/li>\r\n \t<li data-section-id=\"gw5wwz\" data-start=\"3236\" data-end=\"3280\">\r\n<p data-start=\"3238\" data-end=\"3280\">Right to <strong data-start=\"3249\" data-end=\"3262\">opposition<\/strong> to the treatment.<\/p>\r\n<\/li>\r\n \t<li data-section-id=\"1fyv0ab\" data-start=\"3281\" data-end=\"3326\">\r\n<p data-start=\"3283\" data-end=\"3326\">Right to <strong data-start=\"3296\" data-end=\"3325\">data portability<\/strong>.<\/p>\r\n<\/li>\r\n<\/ul>\r\n<p data-start=\"3328\" data-end=\"3386\">To exercise these rights, you can send a request to:<\/p>\r\n<p data-start=\"3388\" data-end=\"3410\">\ud83d\udce7 DPO@grupohla.com<\/p>\r\n<p data-start=\"3412\" data-end=\"3582\">They also have the right to lodge a complaint with the <strong data-start=\"3471\" data-end=\"3512\"><span class=\"hover:entity-accent entity-underline inline cursor-pointer align-baseline\"><span class=\"whitespace-normal\">Spanish Data Protection Agency<\/span><\/span><\/strong> if you consider that your data is not being processed in compliance with the regulations.<\/p>\r\n\r\n<h2 data-section-id=\"1e7sui8\" data-start=\"3584\" data-end=\"3612\">9. Data Security<\/h2>\r\n<p data-start=\"3613\" data-end=\"3801\">The website owner adopts the necessary technical and organisational measures to ensure the security of personal data and prevent its loss, alteration, or unauthorised access.<\/p>\r\n\r\n<h2 data-section-id=\"1nex5od\" data-start=\"3803\" data-end=\"3817\">10. Biscuits<\/h2>\r\n<p data-start=\"3818\" data-end=\"3962\">This website may use cookies to improve your browsing experience. For more information, please see our <a href=\"\/en\/politica-de-cookies\/\"><strong data-start=\"3938\" data-end=\"3961\">Cookie Policy<\/strong><\/a>.<\/p>\r\n\r\n<h2 data-section-id=\"1b2aizm\" data-start=\"3964\" data-end=\"4007\">11. Changes to the privacy policy<\/h2>\r\n<p data-start=\"4008\" data-end=\"4169\">The owner reserves the right to modify this privacy policy in order to adapt it to legislative changes or changes in the website's activity.<\/p>","protected":false},"excerpt":{"rendered":"<p>Pol\u00edtica de Protecci\u00f3n de Datos \u00daltima actualizaci\u00f3n: 11\/03\/2026 En https:\/\/hlalasalud.com nos comprometemos a proteger la privacidad de los usuarios y a garantizar el cumplimiento de la normativa vigente en materia de protecci\u00f3n de datos personales. 1. Responsable del tratamiento El responsable del tratamiento de los datos personales recogidos en este sitio web es: Titular: HOSPITAL [&hellip;]<\/p>\n","protected":false},"author":1,"featured_media":0,"parent":0,"menu_order":0,"comment_status":"closed","ping_status":"closed","template":"","meta":{"inline_featured_image":false,"_monsterinsights_skip_tracking":false,"_monsterinsights_sitenote_active":false,"_monsterinsights_sitenote_note":"","_monsterinsights_sitenote_category":0,"footnotes":""},"class_list":["post-1291","page","type-page","status-publish","hentry"],"_links":{"self":[{"href":"https:\/\/hlalasalud.com\/en\/wp-json\/wp\/v2\/pages\/1291","targetHints":{"allow":["GET"]}}],"collection":[{"href":"https:\/\/hlalasalud.com\/en\/wp-json\/wp\/v2\/pages"}],"about":[{"href":"https:\/\/hlalasalud.com\/en\/wp-json\/wp\/v2\/types\/page"}],"author":[{"embeddable":true,"href":"https:\/\/hlalasalud.com\/en\/wp-json\/wp\/v2\/users\/1"}],"replies":[{"embeddable":true,"href":"https:\/\/hlalasalud.com\/en\/wp-json\/wp\/v2\/comments?post=1291"}],"version-history":[{"count":1,"href":"https:\/\/hlalasalud.com\/en\/wp-json\/wp\/v2\/pages\/1291\/revisions"}],"predecessor-version":[{"id":1292,"href":"https:\/\/hlalasalud.com\/en\/wp-json\/wp\/v2\/pages\/1291\/revisions\/1292"}],"wp:attachment":[{"href":"https:\/\/hlalasalud.com\/en\/wp-json\/wp\/v2\/media?parent=1291"}],"curies":[{"name":"wp","href":"https:\/\/api.w.org\/{rel}","templated":true}]}}