{"id":1293,"date":"2026-03-11T13:53:49","date_gmt":"2026-03-11T12:53:49","guid":{"rendered":"https:\/\/hlalasalud.com\/?page_id=1293"},"modified":"2026-03-11T13:53:49","modified_gmt":"2026-03-11T12:53:49","slug":"sobre-nosotros","status":"publish","type":"page","link":"https:\/\/hlalasalud.com\/en\/sobre-nosotros\/","title":{"rendered":"Abo\u00dat Us"},"content":{"rendered":"<h1 data-section-id=\"py7xk8\" data-start=\"220\" data-end=\"236\">Abo\u00dat Us<\/h1>\r\n<h2 data-section-id=\"19hqzxo\" data-start=\"238\" data-end=\"255\">Our mission<\/h2>\r\n<p data-start=\"256\" data-end=\"442\">Hi <strong data-start=\"259\" data-end=\"274\">Stay Healthy<\/strong> We work with a clear objective: to improve people's well-being and quality of life through information, guidance, and health-related services.<\/p>\r\n<p data-start=\"444\" data-end=\"598\">We believe that access to clear, reliable, and up-to-date information is fundamental for making responsible decisions about personal and family care.<\/p>\r\n\r\n<h2 data-section-id=\"18vb66u\" data-start=\"600\" data-end=\"614\">What do we do<\/h2>\r\n<p data-start=\"615\" data-end=\"821\">Hi <strong data-start=\"618\" data-end=\"633\">Stay Healthy<\/strong> We offer content and resources focused on health and wellbeing. Our aim is to provide users with useful, understandable information based on reliable sources.<\/p>\r\n<p data-start=\"823\" data-end=\"871\">Through our platform you will be able to find:<\/p>\r\n\r\n<ul data-start=\"873\" data-end=\"1078\">\r\n \t<li data-section-id=\"1uzmhnl\" data-start=\"873\" data-end=\"912\">\r\n<p data-start=\"875\" data-end=\"912\">Health and wellbeing information<\/p>\r\n<\/li>\r\n \t<li data-section-id=\"1hj2oo5\" data-start=\"913\" data-end=\"964\">\r\n<p data-start=\"915\" data-end=\"964\">Resources and guidance on healthy habits<\/p>\r\n<\/li>\r\n \t<li data-section-id=\"137jmkp\" data-start=\"965\" data-end=\"1029\">\r\n<p data-start=\"967\" data-end=\"1029\">Information content relating to personal care<\/p>\r\n<\/li>\r\n \t<li data-section-id=\"sduap7\" data-start=\"1030\" data-end=\"1078\">\r\n<p data-start=\"1032\" data-end=\"1078\">Updates and news from the health sector<\/p>\r\n<\/li>\r\n<\/ul>\r\n<p data-start=\"1080\" data-end=\"1202\">We constantly work to make our website a useful, accessible and easy-to-use space for all users.<\/p>\r\n\r\n<h2 data-section-id=\"1tbkzdh\" data-start=\"1204\" data-end=\"1225\">Our commitment<\/h2>\r\n<p data-start=\"1226\" data-end=\"1303\">We are committed to providing responsible and transparent information. Therefore:<\/p>\r\n\r\n<ul data-start=\"1305\" data-end=\"1543\">\r\n \t<li data-section-id=\"cvojum\" data-start=\"1305\" data-end=\"1366\">\r\n<p data-start=\"1307\" data-end=\"1366\">We strive to publish clear and quality content.<\/p>\r\n<\/li>\r\n \t<li data-section-id=\"77nv0s\" data-start=\"1367\" data-end=\"1409\">\r\n<p data-start=\"1369\" data-end=\"1409\">We promote healthy living habits.<\/p>\r\n<\/li>\r\n \t<li data-section-id=\"13zalb0\" data-start=\"1410\" data-end=\"1488\">\r\n<p data-start=\"1412\" data-end=\"1488\">We respect the privacy and security of our users' data.<\/p>\r\n<\/li>\r\n \t<li data-section-id=\"b5q6us\" data-start=\"1489\" data-end=\"1543\">\r\n<p data-start=\"1491\" data-end=\"1543\">We update our content periodically.<\/p>\r\n<\/li>\r\n<\/ul>\r\n<h2 data-section-id=\"1p6yu53\" data-start=\"1545\" data-end=\"1562\">Our Vision<\/h2>\r\n<p data-start=\"1563\" data-end=\"1718\">We aspire to become a leading digital space where people can find reliable information on health, wellbeing, and prevention.<\/p>\r\n<p data-start=\"1720\" data-end=\"1827\">We want to contribute to a more informed and aware society regarding the importance of healthcare.<\/p>\r\n\r\n<h2 data-section-id=\"1c78x6y\" data-start=\"1829\" data-end=\"1840\">Contact<\/h2>\r\n<p data-start=\"1841\" data-end=\"2021\">If you wish to obtain more information about us or get in touch with our team, you can do so via our contact page or by sending an email to:<\/p>\r\n<p data-start=\"2023\" data-end=\"2053\">\ud83d\udce7 <a href=\"mailto:hospital.lasalud@grupohla.com\"><strong data-start=\"2026\" data-end=\"2053\">hospital.lasalud@grupohla.com<\/strong><\/a><\/p>","protected":false},"excerpt":{"rendered":"<p>Sobre Nosotros Nuestra misi\u00f3n En HLALA Salud trabajamos con un objetivo claro: mejorar el bienestar y la calidad de vida de las personas a trav\u00e9s de informaci\u00f3n, orientaci\u00f3n y servicios relacionados con la salud. Creemos que el acceso a informaci\u00f3n clara, confiable y actualizada es fundamental para tomar decisiones responsables sobre el cuidado personal y [&hellip;]<\/p>\n","protected":false},"author":1,"featured_media":0,"parent":0,"menu_order":0,"comment_status":"closed","ping_status":"closed","template":"","meta":{"inline_featured_image":false,"_monsterinsights_skip_tracking":false,"_monsterinsights_sitenote_active":false,"_monsterinsights_sitenote_note":"","_monsterinsights_sitenote_category":0,"footnotes":""},"class_list":["post-1293","page","type-page","status-publish","hentry"],"_links":{"self":[{"href":"https:\/\/hlalasalud.com\/en\/wp-json\/wp\/v2\/pages\/1293","targetHints":{"allow":["GET"]}}],"collection":[{"href":"https:\/\/hlalasalud.com\/en\/wp-json\/wp\/v2\/pages"}],"about":[{"href":"https:\/\/hlalasalud.com\/en\/wp-json\/wp\/v2\/types\/page"}],"author":[{"embeddable":true,"href":"https:\/\/hlalasalud.com\/en\/wp-json\/wp\/v2\/users\/1"}],"replies":[{"embeddable":true,"href":"https:\/\/hlalasalud.com\/en\/wp-json\/wp\/v2\/comments?post=1293"}],"version-history":[{"count":1,"href":"https:\/\/hlalasalud.com\/en\/wp-json\/wp\/v2\/pages\/1293\/revisions"}],"predecessor-version":[{"id":1294,"href":"https:\/\/hlalasalud.com\/en\/wp-json\/wp\/v2\/pages\/1293\/revisions\/1294"}],"wp:attachment":[{"href":"https:\/\/hlalasalud.com\/en\/wp-json\/wp\/v2\/media?parent=1293"}],"curies":[{"name":"wp","href":"https:\/\/api.w.org\/{rel}","templated":true}]}}